
{"id":347,"date":"2023-05-30T11:14:36","date_gmt":"2023-05-30T11:14:36","guid":{"rendered":"https:\/\/beta.payxpress.io\/?page_id=347"},"modified":"2023-09-28T07:17:16","modified_gmt":"2023-09-28T07:17:16","slug":"a-propos-de-payxpress","status":"publish","type":"page","link":"https:\/\/payxpress.io\/fr\/a-propos-de-payxpress\/","title":{"rendered":"A propos de Payxpress"},"content":{"rendered":"\r\n<h1 class=\"wp-block-heading\">A propos de Payxpress<\/h1>\r\n\r\n\r\n\r\n<p>Payxpress est une marque d\u00e9pos\u00e9e de PayXpert LTD.<\/p>\r\n\r\n\r\n\r\n<p>PayXpert est un pionnier des solutions de paiement omnicanal, ouvrant les portes \u00e0 de nouveaux march\u00e9s et modes de paiement au-del\u00e0 des fronti\u00e8res et des barri\u00e8res technologiques.<\/p>\r\n\r\n\r\n\r\n<p>La mission de PayXpert est d&#8217;offrir la meilleure solution de paiement aux acheteurs et aux vendeurs gr\u00e2ce \u00e0 la valeur ajout\u00e9e que nous cr\u00e9ons dans et autour de l&#8217;exp\u00e9rience de paiement.<\/p>\r\n\r\n\r\n\r\n<p>Payxpress est notre outil pour offrir un commerce omnicanal avec un terminal de paiement qui offre des solutions de paiement traditionnelles, des paiements alternatifs et des fonctions \u00e0 valeur ajout\u00e9e. Payxpress relie \u00e9galement le magasin physique et le commerce en ligne gr\u00e2ce \u00e0 une passerelle de paiement eCommerce \u00e0 la pointe de la technologie.<\/p>\r\n\r\n\r\n\r\n<p>Nos solutions visent \u00e0 \u00eatre inclusives en offrant des fonctionnalit\u00e9s pour les malvoyants, des m\u00e9thodes de paiement alternatives et locales, des fonctionnalit\u00e9s multilingues et bien plus encore. En capitalisant sur une technologie 100% propri\u00e9taire, nous pouvons nous adapter aux besoins de nos clients avec des solutions en marque blanche, des projets personnalis\u00e9s, des solutions de paiement globales, etc. pour construire un commerce sans limites.<\/p>\r\n\r\n\r\n\r\n<p>PayXpert Group op\u00e8re actuellement sur les march\u00e9s britannique, fran\u00e7ais et espagnol. Depuis sa cr\u00e9ation en 2009 par Nicolas Riegert, la soci\u00e9t\u00e9 a \u00e9t\u00e9 financ\u00e9e par ses propres moyens jusqu&#8217;en ao\u00fbt 2023, date \u00e0 laquelle la Soci\u00e9t\u00e9 G\u00e9n\u00e9rale, l&#8217;une des principales banques europ\u00e9ennes, en deviendra l&#8217;actionnaire majoritaire. Cela nous permet d&#8217;acc\u00e9l\u00e9rer consid\u00e9rablement la construction des \u00e9l\u00e9ments constitutifs d&#8217;un commerce inclusif et illimit\u00e9.<\/p>\r\n","protected":false},"excerpt":{"rendered":"<p>A propos de Payxpress Payxpress est une marque d\u00e9pos\u00e9e de PayXpert LTD. PayXpert est un pionnier des solutions de paiement omnicanal, ouvrant les portes \u00e0 de nouveaux march\u00e9s et modes de paiement au-del\u00e0 des fronti\u00e8res et des barri\u00e8res technologiques. La mission de PayXpert est d&#8217;offrir la meilleure solution de paiement aux acheteurs et aux vendeurs [&hellip;]<\/p>\n","protected":false},"author":4,"featured_media":0,"parent":0,"menu_order":0,"comment_status":"closed","ping_status":"closed","template":"","meta":{"footnotes":""},"class_list":["post-347","page","type-page","status-publish","hentry"],"acf":[],"yoast_head":"<!-- This site is optimized with the Yoast SEO plugin v27.4 - https:\/\/yoast.com\/product\/yoast-seo-wordpress\/ -->\n<title>Payxpress est une marque d\u00e9pos\u00e9e de PayXpert LTD<\/title>\n<meta name=\"description\" content=\"PayXpert est un pionnier des solutions de paiement omnicanal, ouvrant les portes \u00e0 de nouveaux march\u00e9s et modes de paiement.\" \/>\n<meta name=\"robots\" content=\"index, follow, max-snippet:-1, max-image-preview:large, max-video-preview:-1\" \/>\n<link rel=\"canonical\" href=\"https:\/\/payxpress.io\/fr\/a-propos-de-payxpress\/\" \/>\n<meta property=\"og:locale\" content=\"fr_FR\" \/>\n<meta property=\"og:type\" content=\"article\" \/>\n<meta property=\"og:title\" content=\"Payxpress est une marque d\u00e9pos\u00e9e de PayXpert LTD\" \/>\n<meta property=\"og:description\" content=\"PayXpert est un pionnier des solutions de paiement omnicanal, ouvrant les portes \u00e0 de nouveaux march\u00e9s et modes de paiement.\" \/>\n<meta property=\"og:url\" content=\"https:\/\/payxpress.io\/fr\/a-propos-de-payxpress\/\" \/>\n<meta property=\"og:site_name\" content=\"PayXpress\" \/>\n<meta property=\"article:modified_time\" content=\"2023-09-28T07:17:16+00:00\" \/>\n<meta name=\"twitter:card\" content=\"summary_large_image\" \/>\n<meta name=\"twitter:label1\" content=\"Est. reading time\" \/>\n\t<meta name=\"twitter:data1\" content=\"2 minutes\" \/>\n<script type=\"application\/ld+json\" class=\"yoast-schema-graph\">{\"@context\":\"https:\\\/\\\/schema.org\",\"@graph\":[{\"@type\":\"WebPage\",\"@id\":\"https:\\\/\\\/payxpress.io\\\/fr\\\/a-propos-de-payxpress\\\/\",\"url\":\"https:\\\/\\\/payxpress.io\\\/fr\\\/a-propos-de-payxpress\\\/\",\"name\":\"Payxpress est une marque d\u00e9pos\u00e9e de PayXpert LTD\",\"isPartOf\":{\"@id\":\"https:\\\/\\\/payxpress.io\\\/#website\"},\"datePublished\":\"2023-05-30T11:14:36+00:00\",\"dateModified\":\"2023-09-28T07:17:16+00:00\",\"description\":\"PayXpert est un pionnier des solutions de paiement omnicanal, ouvrant les portes \u00e0 de nouveaux march\u00e9s et modes de paiement.\",\"breadcrumb\":{\"@id\":\"https:\\\/\\\/payxpress.io\\\/fr\\\/a-propos-de-payxpress\\\/#breadcrumb\"},\"inLanguage\":\"fr-FR\",\"potentialAction\":[{\"@type\":\"ReadAction\",\"target\":[\"https:\\\/\\\/payxpress.io\\\/fr\\\/a-propos-de-payxpress\\\/\"]}]},{\"@type\":\"BreadcrumbList\",\"@id\":\"https:\\\/\\\/payxpress.io\\\/fr\\\/a-propos-de-payxpress\\\/#breadcrumb\",\"itemListElement\":[{\"@type\":\"ListItem\",\"position\":1,\"name\":\"Home\",\"item\":\"https:\\\/\\\/payxpress.io\\\/fr\\\/\"},{\"@type\":\"ListItem\",\"position\":2,\"name\":\"A propos de Payxpress\"}]},{\"@type\":\"WebSite\",\"@id\":\"https:\\\/\\\/payxpress.io\\\/#website\",\"url\":\"https:\\\/\\\/payxpress.io\\\/\",\"name\":\"PayXpress\",\"description\":\"L'exp\u00e9rience de paiement am\u00e9lior\u00e9e\",\"potentialAction\":[{\"@type\":\"SearchAction\",\"target\":{\"@type\":\"EntryPoint\",\"urlTemplate\":\"https:\\\/\\\/payxpress.io\\\/?s={search_term_string}\"},\"query-input\":{\"@type\":\"PropertyValueSpecification\",\"valueRequired\":true,\"valueName\":\"search_term_string\"}}],\"inLanguage\":\"fr-FR\"}]}<\/script>\n<!-- \/ Yoast SEO plugin. -->","yoast_head_json":{"title":"Payxpress est une marque d\u00e9pos\u00e9e de PayXpert LTD","description":"PayXpert est un pionnier des solutions de paiement omnicanal, ouvrant les portes \u00e0 de nouveaux march\u00e9s et modes de paiement.","robots":{"index":"index","follow":"follow","max-snippet":"max-snippet:-1","max-image-preview":"max-image-preview:large","max-video-preview":"max-video-preview:-1"},"canonical":"https:\/\/payxpress.io\/fr\/a-propos-de-payxpress\/","og_locale":"fr_FR","og_type":"article","og_title":"Payxpress est une marque d\u00e9pos\u00e9e de PayXpert LTD","og_description":"PayXpert est un pionnier des solutions de paiement omnicanal, ouvrant les portes \u00e0 de nouveaux march\u00e9s et modes de paiement.","og_url":"https:\/\/payxpress.io\/fr\/a-propos-de-payxpress\/","og_site_name":"PayXpress","article_modified_time":"2023-09-28T07:17:16+00:00","twitter_card":"summary_large_image","twitter_misc":{"Est. reading time":"2 minutes"},"schema":{"@context":"https:\/\/schema.org","@graph":[{"@type":"WebPage","@id":"https:\/\/payxpress.io\/fr\/a-propos-de-payxpress\/","url":"https:\/\/payxpress.io\/fr\/a-propos-de-payxpress\/","name":"Payxpress est une marque d\u00e9pos\u00e9e de PayXpert LTD","isPartOf":{"@id":"https:\/\/payxpress.io\/#website"},"datePublished":"2023-05-30T11:14:36+00:00","dateModified":"2023-09-28T07:17:16+00:00","description":"PayXpert est un pionnier des solutions de paiement omnicanal, ouvrant les portes \u00e0 de nouveaux march\u00e9s et modes de paiement.","breadcrumb":{"@id":"https:\/\/payxpress.io\/fr\/a-propos-de-payxpress\/#breadcrumb"},"inLanguage":"fr-FR","potentialAction":[{"@type":"ReadAction","target":["https:\/\/payxpress.io\/fr\/a-propos-de-payxpress\/"]}]},{"@type":"BreadcrumbList","@id":"https:\/\/payxpress.io\/fr\/a-propos-de-payxpress\/#breadcrumb","itemListElement":[{"@type":"ListItem","position":1,"name":"Home","item":"https:\/\/payxpress.io\/fr\/"},{"@type":"ListItem","position":2,"name":"A propos de Payxpress"}]},{"@type":"WebSite","@id":"https:\/\/payxpress.io\/#website","url":"https:\/\/payxpress.io\/","name":"PayXpress","description":"L'exp\u00e9rience de paiement am\u00e9lior\u00e9e","potentialAction":[{"@type":"SearchAction","target":{"@type":"EntryPoint","urlTemplate":"https:\/\/payxpress.io\/?s={search_term_string}"},"query-input":{"@type":"PropertyValueSpecification","valueRequired":true,"valueName":"search_term_string"}}],"inLanguage":"fr-FR"}]}},"_links":{"self":[{"href":"https:\/\/payxpress.io\/fr\/wp-json\/wp\/v2\/pages\/347","targetHints":{"allow":["GET"]}}],"collection":[{"href":"https:\/\/payxpress.io\/fr\/wp-json\/wp\/v2\/pages"}],"about":[{"href":"https:\/\/payxpress.io\/fr\/wp-json\/wp\/v2\/types\/page"}],"author":[{"embeddable":true,"href":"https:\/\/payxpress.io\/fr\/wp-json\/wp\/v2\/users\/4"}],"replies":[{"embeddable":true,"href":"https:\/\/payxpress.io\/fr\/wp-json\/wp\/v2\/comments?post=347"}],"version-history":[{"count":4,"href":"https:\/\/payxpress.io\/fr\/wp-json\/wp\/v2\/pages\/347\/revisions"}],"predecessor-version":[{"id":530,"href":"https:\/\/payxpress.io\/fr\/wp-json\/wp\/v2\/pages\/347\/revisions\/530"}],"wp:attachment":[{"href":"https:\/\/payxpress.io\/fr\/wp-json\/wp\/v2\/media?parent=347"}],"curies":[{"name":"wp","href":"https:\/\/api.w.org\/{rel}","templated":true}]}}