
{"id":3196,"date":"2023-10-03T09:35:50","date_gmt":"2023-10-03T09:35:50","guid":{"rendered":"https:\/\/payxpress.io\/?post_type=product&#038;p=3196"},"modified":"2025-08-25T11:57:55","modified_gmt":"2025-08-25T11:57:55","slug":"chateaux-s1f2","status":"publish","type":"product","link":"https:\/\/payxpress.io\/fr\/product\/chateaux-s1f2\/","title":{"rendered":"Ch\u00e2teaux S1F2"},"content":{"rendered":"","protected":false},"excerpt":{"rendered":"","protected":false},"featured_media":3064,"comment_status":"open","ping_status":"closed","template":"","meta":[],"product_brand":[],"product_cat":[329],"product_tag":[],"class_list":{"0":"post-3196","1":"product","2":"type-product","3":"status-publish","4":"has-post-thumbnail","6":"product_cat-terminal-fr","8":"first","9":"instock","10":"shipping-taxable","11":"purchasable","12":"product-type-simple"},"acf":[],"yoast_head":"<!-- This site is optimized with the Yoast SEO plugin v27.4 - https:\/\/yoast.com\/product\/yoast-seo-wordpress\/ -->\n<title>Ch\u00e2teaux S1F2 - PayXpress<\/title>\n<meta name=\"robots\" content=\"noindex, nofollow\" \/>\n<meta property=\"og:locale\" content=\"fr_FR\" \/>\n<meta property=\"og:type\" content=\"article\" \/>\n<meta property=\"og:title\" content=\"Ch\u00e2teaux S1F2 - PayXpress\" \/>\n<meta property=\"og:url\" content=\"https:\/\/payxpress.io\/fr\/product\/chateaux-s1f2\/\" \/>\n<meta property=\"og:site_name\" content=\"PayXpress\" \/>\n<meta property=\"article:modified_time\" content=\"2025-08-25T11:57:55+00:00\" \/>\n<meta property=\"og:image\" content=\"https:\/\/payxpress.io\/wp-content\/uploads\/2023\/10\/s1f2-welcome.png\" \/>\n\t<meta property=\"og:image:width\" content=\"1316\" \/>\n\t<meta property=\"og:image:height\" content=\"1152\" \/>\n\t<meta property=\"og:image:type\" content=\"image\/png\" \/>\n<meta name=\"twitter:card\" content=\"summary_large_image\" \/>\n<meta name=\"twitter:label1\" content=\"Est. reading time\" \/>\n\t<meta name=\"twitter:data1\" content=\"1 minute\" \/>\n<script type=\"application\/ld+json\" class=\"yoast-schema-graph\">{\"@context\":\"https:\\\/\\\/schema.org\",\"@graph\":[{\"@type\":\"WebPage\",\"@id\":\"https:\\\/\\\/payxpress.io\\\/fr\\\/product\\\/chateaux-s1f2\\\/\",\"url\":\"https:\\\/\\\/payxpress.io\\\/fr\\\/product\\\/chateaux-s1f2\\\/\",\"name\":\"Ch\u00e2teaux S1F2 - PayXpress\",\"isPartOf\":{\"@id\":\"https:\\\/\\\/payxpress.io\\\/#website\"},\"primaryImageOfPage\":{\"@id\":\"https:\\\/\\\/payxpress.io\\\/fr\\\/product\\\/chateaux-s1f2\\\/#primaryimage\"},\"image\":{\"@id\":\"https:\\\/\\\/payxpress.io\\\/fr\\\/product\\\/chateaux-s1f2\\\/#primaryimage\"},\"thumbnailUrl\":\"https:\\\/\\\/payxpress.io\\\/wp-content\\\/uploads\\\/2023\\\/10\\\/s1f2-welcome.png\",\"datePublished\":\"2023-10-03T09:35:50+00:00\",\"dateModified\":\"2025-08-25T11:57:55+00:00\",\"breadcrumb\":{\"@id\":\"https:\\\/\\\/payxpress.io\\\/fr\\\/product\\\/chateaux-s1f2\\\/#breadcrumb\"},\"inLanguage\":\"fr-FR\",\"potentialAction\":[{\"@type\":\"ReadAction\",\"target\":[\"https:\\\/\\\/payxpress.io\\\/fr\\\/product\\\/chateaux-s1f2\\\/\"]}]},{\"@type\":\"ImageObject\",\"inLanguage\":\"fr-FR\",\"@id\":\"https:\\\/\\\/payxpress.io\\\/fr\\\/product\\\/chateaux-s1f2\\\/#primaryimage\",\"url\":\"https:\\\/\\\/payxpress.io\\\/wp-content\\\/uploads\\\/2023\\\/10\\\/s1f2-welcome.png\",\"contentUrl\":\"https:\\\/\\\/payxpress.io\\\/wp-content\\\/uploads\\\/2023\\\/10\\\/s1f2-welcome.png\",\"width\":1316,\"height\":1152},{\"@type\":\"BreadcrumbList\",\"@id\":\"https:\\\/\\\/payxpress.io\\\/fr\\\/product\\\/chateaux-s1f2\\\/#breadcrumb\",\"itemListElement\":[{\"@type\":\"ListItem\",\"position\":1,\"name\":\"Home\",\"item\":\"https:\\\/\\\/payxpress.io\\\/fr\\\/\"},{\"@type\":\"ListItem\",\"position\":2,\"name\":\"Ch\u00e2teaux S1F2\"}]},{\"@type\":\"WebSite\",\"@id\":\"https:\\\/\\\/payxpress.io\\\/#website\",\"url\":\"https:\\\/\\\/payxpress.io\\\/\",\"name\":\"PayXpress\",\"description\":\"L'exp\u00e9rience de paiement am\u00e9lior\u00e9e\",\"potentialAction\":[{\"@type\":\"SearchAction\",\"target\":{\"@type\":\"EntryPoint\",\"urlTemplate\":\"https:\\\/\\\/payxpress.io\\\/?s={search_term_string}\"},\"query-input\":{\"@type\":\"PropertyValueSpecification\",\"valueRequired\":true,\"valueName\":\"search_term_string\"}}],\"inLanguage\":\"fr-FR\"}]}<\/script>\n<!-- \/ Yoast SEO plugin. -->","yoast_head_json":{"title":"Ch\u00e2teaux S1F2 - PayXpress","robots":{"index":"noindex","follow":"nofollow"},"og_locale":"fr_FR","og_type":"article","og_title":"Ch\u00e2teaux S1F2 - PayXpress","og_url":"https:\/\/payxpress.io\/fr\/product\/chateaux-s1f2\/","og_site_name":"PayXpress","article_modified_time":"2025-08-25T11:57:55+00:00","og_image":[{"width":1316,"height":1152,"url":"https:\/\/payxpress.io\/wp-content\/uploads\/2023\/10\/s1f2-welcome.png","type":"image\/png"}],"twitter_card":"summary_large_image","twitter_misc":{"Est. reading time":"1 minute"},"schema":{"@context":"https:\/\/schema.org","@graph":[{"@type":"WebPage","@id":"https:\/\/payxpress.io\/fr\/product\/chateaux-s1f2\/","url":"https:\/\/payxpress.io\/fr\/product\/chateaux-s1f2\/","name":"Ch\u00e2teaux S1F2 - PayXpress","isPartOf":{"@id":"https:\/\/payxpress.io\/#website"},"primaryImageOfPage":{"@id":"https:\/\/payxpress.io\/fr\/product\/chateaux-s1f2\/#primaryimage"},"image":{"@id":"https:\/\/payxpress.io\/fr\/product\/chateaux-s1f2\/#primaryimage"},"thumbnailUrl":"https:\/\/payxpress.io\/wp-content\/uploads\/2023\/10\/s1f2-welcome.png","datePublished":"2023-10-03T09:35:50+00:00","dateModified":"2025-08-25T11:57:55+00:00","breadcrumb":{"@id":"https:\/\/payxpress.io\/fr\/product\/chateaux-s1f2\/#breadcrumb"},"inLanguage":"fr-FR","potentialAction":[{"@type":"ReadAction","target":["https:\/\/payxpress.io\/fr\/product\/chateaux-s1f2\/"]}]},{"@type":"ImageObject","inLanguage":"fr-FR","@id":"https:\/\/payxpress.io\/fr\/product\/chateaux-s1f2\/#primaryimage","url":"https:\/\/payxpress.io\/wp-content\/uploads\/2023\/10\/s1f2-welcome.png","contentUrl":"https:\/\/payxpress.io\/wp-content\/uploads\/2023\/10\/s1f2-welcome.png","width":1316,"height":1152},{"@type":"BreadcrumbList","@id":"https:\/\/payxpress.io\/fr\/product\/chateaux-s1f2\/#breadcrumb","itemListElement":[{"@type":"ListItem","position":1,"name":"Home","item":"https:\/\/payxpress.io\/fr\/"},{"@type":"ListItem","position":2,"name":"Ch\u00e2teaux S1F2"}]},{"@type":"WebSite","@id":"https:\/\/payxpress.io\/#website","url":"https:\/\/payxpress.io\/","name":"PayXpress","description":"L'exp\u00e9rience de paiement am\u00e9lior\u00e9e","potentialAction":[{"@type":"SearchAction","target":{"@type":"EntryPoint","urlTemplate":"https:\/\/payxpress.io\/?s={search_term_string}"},"query-input":{"@type":"PropertyValueSpecification","valueRequired":true,"valueName":"search_term_string"}}],"inLanguage":"fr-FR"}]}},"_links":{"self":[{"href":"https:\/\/payxpress.io\/fr\/wp-json\/wp\/v2\/product\/3196","targetHints":{"allow":["GET"]}}],"collection":[{"href":"https:\/\/payxpress.io\/fr\/wp-json\/wp\/v2\/product"}],"about":[{"href":"https:\/\/payxpress.io\/fr\/wp-json\/wp\/v2\/types\/product"}],"replies":[{"embeddable":true,"href":"https:\/\/payxpress.io\/fr\/wp-json\/wp\/v2\/comments?post=3196"}],"wp:featuredmedia":[{"embeddable":true,"href":"https:\/\/payxpress.io\/fr\/wp-json\/wp\/v2\/media\/3064"}],"wp:attachment":[{"href":"https:\/\/payxpress.io\/fr\/wp-json\/wp\/v2\/media?parent=3196"}],"wp:term":[{"taxonomy":"product_brand","embeddable":true,"href":"https:\/\/payxpress.io\/fr\/wp-json\/wp\/v2\/product_brand?post=3196"},{"taxonomy":"product_cat","embeddable":true,"href":"https:\/\/payxpress.io\/fr\/wp-json\/wp\/v2\/product_cat?post=3196"},{"taxonomy":"product_tag","embeddable":true,"href":"https:\/\/payxpress.io\/fr\/wp-json\/wp\/v2\/product_tag?post=3196"}],"curies":[{"name":"wp","href":"https:\/\/api.w.org\/{rel}","templated":true}]}}